{"id":91,"date":"2017-10-10T00:57:32","date_gmt":"2017-10-09T22:57:32","guid":{"rendered":"http:\/\/aspienaut.de\/?page_id=91"},"modified":"2017-10-24T14:56:30","modified_gmt":"2017-10-24T12:56:30","slug":"datenschutz","status":"publish","type":"page","link":"https:\/\/aspienaut.de\/?page_id=91","title":{"rendered":"Datenschutz"},"content":{"rendered":"<p>Die Nutzung dieser Webseite (\u201easpienaut.de\u201c) ist in der Regel ohne Angabe personenbezogener Daten m\u00f6glich. Soweit auf diesen Seiten personenbezogene Daten (beispielsweise Name, Anschrift oder eMail-Adressen) erhoben werden, erfolgt dies, soweit m\u00f6glich, stets auf freiwilliger Basis. Diese Daten werden ohne Ihre ausdr\u00fcckliche Zustimmung nicht an Dritte weitergegeben.<\/p>\n<p>Ich weise darauf hin, dass die Daten\u00fcbertragung im Internet (z.B. bei der Kommunikation per E-Mail) Sicherheitsl\u00fccken aufweisen kann. Ein l\u00fcckenloser Schutz der Daten vor dem Zugriff durch Dritte ist nicht m\u00f6glich.<\/p>\n<p>Der Nutzung von im Rahmen der Impressumspflicht ver\u00f6ffentlichten Kontaktdaten durch Dritte zur \u00dcbersendung von nicht ausdr\u00fccklich angeforderter Werbung und Informationsmaterialien wird hiermit ausdr\u00fccklich widersprochen. Der Betreiber der Seiten beh\u00e4lt sich ausdr\u00fccklich rechtliche Schritte im Falle der unverlangten Zusendung von Werbeinformationen, etwa durch Spam-Mails, vor.<\/p>\n<p><strong>Datenschutzerkl\u00e4rung f\u00fcr die Nutzung von Facebook-Plugins (Like-Button)<\/strong><\/p>\n<p>Auf diesen Seiten sind Plugins des sozialen Netzwerks Facebook (Facebook Inc., 1601 Willow Road, Menlo Park, California, 94025, USA) integriert. Die Facebook-Plugins erkennen Sie an dem Facebook-Logo oder dem \u201eLike-Button\u201c (\u201eGef\u00e4llt mir\u201c) auf unserer Seite. Eine \u00dcbersicht \u00fcber die Facebook-Plugins finden Sie hier: <a href=\"http:\/\/developers.facebook.com\/docs\/plugins\/\" target=\"_blank\" rel=\"noopener\">http:\/\/developers.facebook.com\/docs\/plugins\/<\/a>.<br \/>\nWenn Sie diese Seiten besuchen, wird \u00fcber das Plugin eine direkte Verbindung zwischen Ihrem Browser und dem Facebook-Server hergestellt. Facebook erh\u00e4lt dadurch die Information, dass Sie mit Ihrer IP-Adresse diese Seite besucht haben. Wenn Sie den Facebook \u201eLike-Button\u201c anklicken w\u00e4hrend Sie in Ihrem Facebook-Account eingeloggt sind, k\u00f6nnen Sie die Inhalte dieser Seiten auf Ihrem Facebook-Profil verlinken. Dadurch kann Facebook den Besuch dieser Seiten Ihrem Benutzerkonto zuordnen. Ich weise darauf hin, dass ich als Anbieter der Seiten keine Kenntnis vom Inhalt der \u00fcbermittelten Daten sowie deren Nutzung durch Facebook erhalte. Weitere Informationen hierzu finden Sie in der Datenschutzerkl\u00e4rung von facebook unter <a href=\"http:\/\/de-de.facebook.com\/policy.php\" target=\"_blank\" rel=\"noopener\"> http:\/\/de-de.facebook.com\/policy.php<\/a><\/p>\n<p>Wenn Sie nicht w\u00fcnschen, dass Facebook den Besuch dieser Seiten Ihrem Facebook-Nutzerkonto zuordnen kann, loggen Sie sich bitte aus Ihrem Facebook-Benutzerkonto aus.<\/p>\n<p><strong>Datenschutzerkl\u00e4rung f\u00fcr die Nutzung von Google +1<\/strong><\/p>\n<p><i>Erfassung und Weitergabe von Informationen:<\/i><br \/>\nMithilfe der Google +1-Schaltfl\u00e4che k\u00f6nnen Sie Informationen weltweit ver\u00f6ffentlichen. \u00fcber die Google +1-Schaltfl\u00e4che erhalten Sie und andere Nutzer personalisierte Inhalte von Google und unseren Partnern. Google speichert sowohl die Information, dass Sie f\u00fcr einen Inhalt +1 gegeben haben, als auch Informationen \u00fcber die Seite, die Sie beim Klicken auf +1 angesehen haben. Ihre +1 k\u00f6nnen als Hinweise zusammen mit Ihrem Profilnamen und Ihrem Foto in Google-Diensten, wie etwa in Suchergebnissen oder in Ihrem Google-Profil, oder an anderen Stellen auf Websites und Anzeigen im Internet eingeblendet werden.<br \/>\nGoogle zeichnet Informationen \u00fcber Ihre +1-Aktivit\u00e4ten auf, um die Google-Dienste f\u00fcr Sie und andere zu verbessern. Um die Google +1-Schaltfl\u00e4che verwenden zu k\u00f6nnen, ben\u00f6tigen Sie ein weltweit sichtbares, \u00f6ffentliches Google-Profil, das zumindest den f\u00fcr das Profil gew\u00e4hlten Namen enthalten muss. Dieser Name wird in allen Google-Diensten verwendet. In manchen F\u00e4llen kann dieser Name auch einen anderen Namen ersetzen, den Sie beim Teilen von Inhalten \u00fcber Ihr Google-Konto verwendet haben. Die Identit\u00e4t Ihres Google-Profils kann Nutzern angezeigt werden, die Ihre E-Mail-Adresse kennen oder \u00fcber andere identifizierende Informationen von Ihnen verf\u00fcgen.<\/p>\n<p><i>Verwendung der erfassten Informationen:<\/i><br \/>\nNeben den oben erl\u00e4uterten Verwendungszwecken werden die von Ihnen bereitgestellten Informationen gem\u00e4\u00df den geltenden Google-Datenschutzbestimmungen genutzt. Google ver\u00f6ffentlicht m\u00f6glicherweise zusammengefasste Statistiken \u00fcber die +1-Aktivit\u00e4ten der Nutzer bzw. gibt diese an Nutzer und Partner weiter, wie etwa Publisher, Inserenten oder verbundene Websites.<\/p>\n<p><strong>Datenschutzerkl\u00e4rung f\u00fcr die Nutzung von Twitter<\/strong><\/p>\n<p>Auf diesen Seiten sind Funktionen des Dienstes Twitter eingebunden. Diese Funktionen werden angeboten durch die Twitter Inc., Twitter, Inc. 1355 Market St, Suite 900, San Francisco, CA 94103, USA. Durch das Benutzen von Twitter und der Funktion \u201eRe-Tweet\u201c werden die von Ihnen besuchten Webseiten mit Ihrem Twitter-Account verkn\u00fcpft und anderen Nutzern bekannt gegeben. Dabei werden auch Daten an Twitter \u00fcbertragen.<\/p>\n<p>Ich weise darauf hin, dass ich als Anbieter der Seiten keine Kenntnis vom Inhalt der \u00fcbermittelten Daten sowie deren Nutzung durch Twitter erhalte. Weitere Informationen hierzu finden Sie in der Datenschutzerkl\u00e4rung von Twitter unter <a href=\"http:\/\/twitter.com\/privacy\" target=\"_blank\" rel=\"noopener\">http:\/\/twitter.com\/privacy<\/a>.<\/p>\n<p>Ihre Datenschutzeinstellungen bei Twitter k\u00f6nnen Sie in den Konto-Einstellungen unter <a href=\"http:\/\/twitter.com\/account\/settings\" target=\"_blank\" rel=\"noopener\">http:\/\/twitter.com\/account\/settings<\/a> \u00e4ndern.<\/p>\n<p><strong>Cookies<\/strong><\/p>\n<p>Die Internetseiten verwenden teilweise so genannte Cookies. Cookies richten auf Ihrem Rechner keinen Schaden an und enthalten keine Viren. Cookies dienen dazu, Webseiten nutzerfreundlicher, effektiver und sicherer zu machen. Cookies sind kleine Textdateien, die auf Ihrem Rechner abgelegt werden und die Ihr Browser speichert.<\/p>\n<p>Die meisten der von dieser Seite verwendeten Cookies sind so genannte \u201eSession-Cookies\u201c. Sie werden nach Ende Ihres Besuchs automatisch gel\u00f6scht. Andere Cookies bleiben auf Ihrem Endger\u00e4t gespeichert, bis Sie diese l\u00f6schen. Diese Cookies erm\u00f6glichen es der Webseite, Ihren Browser beim n\u00e4chsten Besuch wiederzuerkennen.<\/p>\n<p>Sie k\u00f6nnen Ihren Browser so einstellen, dass Sie \u00fcber das Setzen von Cookies informiert werden und Cookies nur im Einzelfall erlauben, die Annahme von Cookies f\u00fcr bestimmte F\u00e4lle oder generell ausschlie\u00dfen sowie das automatische L\u00f6schen der Cookies beim Schlie\u00dfen des Browser aktivieren. Bei der Deaktivierung von Cookies kann die Funktionalit\u00e4t dieser Website eingeschr\u00e4nkt sein.<\/p>\n<p><strong>Server-Log-Files<\/strong><\/p>\n<p>Der Provider der Seiten erhebt und speichert automatisch Informationen in so genannten Server-Log Files, die Ihr Browser automatisch an uns \u00fcbermittelt. Dies sind:<\/p>\n<ul>\n<li>Browsertyp\/ Browserversion<\/li>\n<li>verwendetes Betriebssystem<\/li>\n<li>Referrer URL<\/li>\n<li>Hostname des zugreifenden Rechners<\/li>\n<li>Uhrzeit der Serveranfrage<\/li>\n<\/ul>\n<p>Diese Daten sind nicht bestimmten Personen zuordenbar. Eine Zusammenf\u00fchrung dieser Daten mit anderen Datenquellen wird nicht vorgenommen. Ich behalte mir vor, diese Daten nachtr\u00e4glich zu pr\u00fcfen, wenn mir konkrete Anhaltspunkte f\u00fcr eine rechtswidrige Nutzung bekannt werden.<\/p>\n<p><strong>Kontaktformular<\/strong><\/p>\n<p>Wenn Sie mir per Kontaktformular Anfragen zukommen lassen, werden Ihre Angaben aus dem Anfrageformular inklusive der von Ihnen dort angegebenen Kontaktdaten zwecks Bearbeitung der Anfrage und f\u00fcr den Fall von Anschlussfragen gespeichert. Diese Daten gebe ich nicht ohne Ihre Einwilligung weiter.<\/p>\n<p><i>Quellen: <a href=\"http:\/\/www.e-recht24.de\/muster-datenschutzerklaerung.html\" target=\"_blank\" rel=\"nofollow noopener\">Datenschutzerkl\u00e4rung eRecht24<\/a>, <a href=\"http:\/\/www.e-recht24.de\/artikel\/datenschutz\/6590-facebook-like-button-datenschutz-disclaimer.html\" target=\"_blank\" rel=\"nofollow noopener\">Facebook-Disclaimer von eRecht24<\/a>, <a href=\"http:\/\/www.google.com\/intl\/de\/+\/policy\/+1button.html\" target=\"_blank\" rel=\"nofollow noopener\">Google +1 Bedingungen<\/a>, <a href=\"http:\/\/twitter.com\/privacy\" target=\"_blank\" rel=\"nofollow noopener\">Datenschutzerkl\u00e4rung Twitter<\/a><\/i><\/p>\n","protected":false},"excerpt":{"rendered":"<p>Die Nutzung dieser Webseite (\u201easpienaut.de\u201c) ist in der Regel ohne Angabe personenbezogener Daten m\u00f6glich. Soweit auf diesen Seiten personenbezogene Daten (beispielsweise Name, Anschrift oder eMail-Adressen) erhoben werden, erfolgt dies, soweit m\u00f6glich, stets auf freiwilliger Basis. Diese Daten werden ohne Ihre ausdr\u00fcckliche Zustimmung nicht an Dritte weitergegeben. Ich weise darauf hin, dass die Daten\u00fcbertragung im Internet [&hellip;]<\/p>\n","protected":false},"author":1,"featured_media":0,"parent":0,"menu_order":0,"comment_status":"closed","ping_status":"closed","template":"","meta":{"jetpack_post_was_ever_published":false,"footnotes":""},"jetpack_sharing_enabled":true,"jetpack_shortlink":"https:\/\/wp.me\/P9gfVL-1t","_links":{"self":[{"href":"https:\/\/aspienaut.de\/index.php?rest_route=\/wp\/v2\/pages\/91"}],"collection":[{"href":"https:\/\/aspienaut.de\/index.php?rest_route=\/wp\/v2\/pages"}],"about":[{"href":"https:\/\/aspienaut.de\/index.php?rest_route=\/wp\/v2\/types\/page"}],"author":[{"embeddable":true,"href":"https:\/\/aspienaut.de\/index.php?rest_route=\/wp\/v2\/users\/1"}],"replies":[{"embeddable":true,"href":"https:\/\/aspienaut.de\/index.php?rest_route=%2Fwp%2Fv2%2Fcomments&post=91"}],"version-history":[{"count":1,"href":"https:\/\/aspienaut.de\/index.php?rest_route=\/wp\/v2\/pages\/91\/revisions"}],"predecessor-version":[{"id":92,"href":"https:\/\/aspienaut.de\/index.php?rest_route=\/wp\/v2\/pages\/91\/revisions\/92"}],"wp:attachment":[{"href":"https:\/\/aspienaut.de\/index.php?rest_route=%2Fwp%2Fv2%2Fmedia&parent=91"}],"curies":[{"name":"wp","href":"https:\/\/api.w.org\/{rel}","templated":true}]}}